{"id":23,"date":"2023-08-11T09:46:13","date_gmt":"2023-08-11T09:46:13","guid":{"rendered":"https:\/\/shc.saunaselskab.dk\/?page_id=23"},"modified":"2024-08-31T03:46:47","modified_gmt":"2024-08-31T03:46:47","slug":"home","status":"publish","type":"page","link":"https:\/\/shc.saunaselskab.dk\/","title":{"rendered":"Home"},"content":{"rendered":"<p>[et_pb_section fb_built=&#8221;1&#8243; _builder_version=&#8221;4.22.0&#8243; _module_preset=&#8221;default&#8221; custom_margin=&#8221;0px|0px|0px|0px|false|false&#8221; custom_padding=&#8221;0px|0px|0px|0px|false|false&#8221; global_colors_info=&#8221;{}&#8221;][et_pb_row column_structure=&#8221;1_3,1_3,1_3&#8243; _builder_version=&#8221;4.22.0&#8243; _module_preset=&#8221;default&#8221; background_color=&#8221;gcid-c8772306-aa8c-4e2d-a700-cea6c7956a8f&#8221; width=&#8221;100%&#8221; max_width=&#8221;100%&#8221; min_height=&#8221;100px&#8221; custom_margin=&#8221;0px||0px||false|false&#8221; custom_padding=&#8221;0px|0px|0px|0px|false|false&#8221; global_colors_info=&#8221;{%22gcid-c8772306-aa8c-4e2d-a700-cea6c7956a8f%22:%91%22background_color%22%93}&#8221;][et_pb_column type=&#8221;1_3&#8243; _builder_version=&#8221;4.22.0&#8243; _module_preset=&#8221;default&#8221; background_enable_color=&#8221;off&#8221; global_colors_info=&#8221;{%22gcid-c8772306-aa8c-4e2d-a700-cea6c7956a8f%22:%91%22background_color%22%93}&#8221;][et_pb_divider color=&#8221;#FFFFFF&#8221; divider_position=&#8221;center&#8221; divider_weight=&#8221;5px&#8221; _builder_version=&#8221;4.22.0&#8243; _module_preset=&#8221;default&#8221; background_color=&#8221;RGBA(255,255,255,0)&#8221; width=&#8221;90%&#8221; module_alignment=&#8221;center&#8221; min_height=&#8221;100px&#8221; height=&#8221;100%&#8221; custom_margin=&#8221;0px|0px|0px|0px|false|false&#8221; custom_padding=&#8221;0px|0px|0px|0px|false|false&#8221; global_colors_info=&#8221;{}&#8221;][\/et_pb_divider][\/et_pb_column][et_pb_column type=&#8221;1_3&#8243; _builder_version=&#8221;4.22.0&#8243; _module_preset=&#8221;default&#8221; global_colors_info=&#8221;{}&#8221;][et_pb_text _builder_version=&#8221;4.22.0&#8243; _module_preset=&#8221;default&#8221; text_font=&#8221;Berlin &#8211; SHC|800|||||||&#8221; text_text_color=&#8221;#FFFFFF&#8221; text_font_size=&#8221;48px&#8221; text_orientation=&#8221;center&#8221; custom_margin=&#8221;30px||||false|false&#8221; global_colors_info=&#8221;{}&#8221;]<\/p>\n<p>VELKOMMEN!<\/p>\n<p>[\/et_pb_text][\/et_pb_column][et_pb_column type=&#8221;1_3&#8243; _builder_version=&#8221;4.22.0&#8243; _module_preset=&#8221;default&#8221; global_colors_info=&#8221;{}&#8221;][et_pb_divider color=&#8221;#FFFFFF&#8221; divider_position=&#8221;center&#8221; divider_weight=&#8221;5px&#8221; _builder_version=&#8221;4.22.0&#8243; _module_preset=&#8221;default&#8221; background_color=&#8221;RGBA(255,255,255,0)&#8221; width=&#8221;90%&#8221; module_alignment=&#8221;center&#8221; min_height=&#8221;100px&#8221; height=&#8221;100%&#8221; custom_margin=&#8221;0px|0px|0px|0px|false|false&#8221; custom_padding=&#8221;0px|0px|0px|0px|false|false&#8221; locked=&#8221;off&#8221; global_colors_info=&#8221;{}&#8221;][\/et_pb_divider][\/et_pb_column][\/et_pb_row][\/et_pb_section][et_pb_section fb_built=&#8221;1&#8243; _builder_version=&#8221;4.22.0&#8243; _module_preset=&#8221;default&#8221; global_colors_info=&#8221;{}&#8221;][et_pb_row _builder_version=&#8221;4.22.0&#8243; _module_preset=&#8221;default&#8221; global_colors_info=&#8221;{}&#8221;][et_pb_column type=&#8221;4_4&#8243; _builder_version=&#8221;4.22.0&#8243; _module_preset=&#8221;default&#8221; global_colors_info=&#8221;{}&#8221;][et_pb_image src=&#8221;http:\/\/shc.saunaselskab.dk\/wp-content\/uploads\/2023\/08\/SHCDK-Logo.png&#8221; title_text=&#8221;SHCDK-Logo&#8221; align=&#8221;center&#8221; _builder_version=&#8221;4.22.0&#8243; _module_preset=&#8221;default&#8221; global_colors_info=&#8221;{}&#8221;][\/et_pb_image][\/et_pb_column][\/et_pb_row][et_pb_row column_structure=&#8221;2_3,1_3&#8243; _builder_version=&#8221;4.22.0&#8243; _module_preset=&#8221;default&#8221; global_colors_info=&#8221;{}&#8221;][et_pb_column type=&#8221;2_3&#8243; _builder_version=&#8221;4.22.0&#8243; _module_preset=&#8221;default&#8221; global_colors_info=&#8221;{}&#8221;][et_pb_text _builder_version=&#8221;4.22.0&#8243; _module_preset=&#8221;default&#8221; global_colors_info=&#8221;{}&#8221;]<\/p>\n<div class=\"page\" title=\"Page 4\">\n<div class=\"layoutArea\">\n<div class=\"column\">\n<ol style=\"list-style-type: none;\" start=\"0\">\n<li>\n<p><span style=\"font-size: 12.000000pt; font-family: 'Roboto';\">Sauna Herbal Cup har sine r\u00f8dder i Tjekkiet, hvor den blev afholdt f\u00f8rste gang i 2013. Siden 2018 har konkurrencen udviklet sig med nationale udtagelseskonkurrencer, der leder frem til den eftertragtede finale. Konceptet er at skabe en dybere forbindelse til naturen, samtidig med at vi i harmoni og med respekt udfordrer traditionelle og moderne tilgange til Saunagus og Peeling. Evnen til at indfange og nyde stemninger og dufte i saunaen ved hj\u00e6lp af naturprodukter er essentiel og central for denne konkurrence. <\/span><\/p>\n<p><span style=\"font-size: 12.000000pt; font-family: 'Roboto';\">Konkurrencen er struktureret omkring to unikke dele: &#8220;Afslappende Moderne Klassisk Saunagus&#8221; (Relax Herbal Aufguss) med en fortryllende kombination af musik og n\u00f8je udvalgte naturprodukter. Den anden del er &#8220;Scrub og Peeling&#8221;, som finder sted i det berigende dampbad &#8211; ogsa\u030a kendt som Herbal Ritualet. Det prim\u00e6re ma\u030al er, at deltagerne g\u00f8r brug af en bred vifte af naturprodukter for at skabe den mest fortryllende og velg\u00f8rende oplevelse for vores v\u00e6rdsatte g\u00e6ster. <\/span><\/p>\n<p><span style=\"font-size: 12.000000pt; font-family: 'Roboto';\">H\u00f8jdepunktet pa\u030a konkurrencen vil vi udn\u00e6vne en fornem titel til den mest ekstraordin\u00e6re deltager: &#8220;Herbal King or Queen of Denmark&#8221; (King or Queen of Herbal). Yderligere vil vi h\u00e6dre de mest talentfulde inden for kategorierne &#8220;Afslappende Moderne Klassisk&#8221; og &#8220;Scrub og Peeling&#8221;. <\/span><\/p>\n<\/li>\n<\/ol>\n<p><span style=\"font-size: 12.000000pt; font-family: 'Roboto';\">Denne konkurrence er arrangeret af Det Danske Saunaselskab<br \/><\/span><\/p>\n<\/div>\n<\/div>\n<\/div>\n<p>[\/et_pb_text][\/et_pb_column][et_pb_column type=&#8221;1_3&#8243; _builder_version=&#8221;4.22.0&#8243; _module_preset=&#8221;default&#8221; global_colors_info=&#8221;{}&#8221;][et_pb_image src=&#8221;http:\/\/shc.saunaselskab.dk\/wp-content\/uploads\/2023\/07\/DDS-logo-Final2-uden-hvid.png&#8221; title_text=&#8221;DDS logo Final2-uden hvid&#8221; _builder_version=&#8221;4.22.0&#8243; _module_preset=&#8221;default&#8221; global_colors_info=&#8221;{}&#8221;][\/et_pb_image][\/et_pb_column][\/et_pb_row][et_pb_row _builder_version=&#8221;4.22.0&#8243; _module_preset=&#8221;default&#8221; global_colors_info=&#8221;{}&#8221;][et_pb_column type=&#8221;4_4&#8243; _builder_version=&#8221;4.22.0&#8243; _module_preset=&#8221;default&#8221; global_colors_info=&#8221;{}&#8221;][et_pb_button button_url=&#8221;https:\/\/medlem.saunaselskab.dk\/c24\/sauna-herbal-cup-dk-2024&#8243; url_new_window=&#8221;on&#8221; button_text=&#8221;TILMELD DIG HER (DELTAGER)&#8221; button_alignment=&#8221;center&#8221; disabled_on=&#8221;off|off|off&#8221; _builder_version=&#8221;4.25.0&#8243; _module_preset=&#8221;default&#8221; custom_button=&#8221;on&#8221; button_text_size=&#8221;22px&#8221; button_text_color=&#8221;#FFFFFF&#8221; button_bg_color=&#8221;gcid-c8772306-aa8c-4e2d-a700-cea6c7956a8f&#8221; button_border_radius=&#8221;15px&#8221; button_icon=&#8221;&#x39;||divi||400&#8243; hover_enabled=&#8221;0&#8243; global_colors_info=&#8221;{%22gcid-c8772306-aa8c-4e2d-a700-cea6c7956a8f%22:%91%22button_bg_color%22%93}&#8221; sticky_enabled=&#8221;0&#8243;][\/et_pb_button][et_pb_countdown_timer title=&#8221;Antal dage til Sauna Herbal Cup DK&#8221; date_time=&#8221;2024-10-12 08:59&#8243; _builder_version=&#8221;4.25.0&#8243; _module_preset=&#8221;default&#8221; background_color=&#8221;gcid-c8772306-aa8c-4e2d-a700-cea6c7956a8f&#8221; border_radii=&#8221;on|50px|50px|50px|50px&#8221; global_colors_info=&#8221;{%22gcid-c8772306-aa8c-4e2d-a700-cea6c7956a8f%22:%91%22background_color%22%93}&#8221;][\/et_pb_countdown_timer][\/et_pb_column][\/et_pb_row][et_pb_row column_structure=&#8221;1_4,1_4,1_4,1_4&#8243; _builder_version=&#8221;4.22.0&#8243; _module_preset=&#8221;default&#8221; global_colors_info=&#8221;{}&#8221;][et_pb_column type=&#8221;1_4&#8243; _builder_version=&#8221;4.22.0&#8243; _module_preset=&#8221;default&#8221; global_colors_info=&#8221;{}&#8221;][\/et_pb_column][et_pb_column type=&#8221;1_4&#8243; _builder_version=&#8221;4.22.0&#8243; _module_preset=&#8221;default&#8221; global_colors_info=&#8221;{}&#8221;][et_pb_button button_url=&#8221;http:\/\/shc.saunaselskab.dk\/wp-content\/uploads\/2023\/08\/SAUNA-HERBAL-CUP-DENMARK.pdf&#8221; url_new_window=&#8221;on&#8221; button_text=&#8221;Regler&#8221; button_alignment=&#8221;center&#8221; _builder_version=&#8221;4.22.0&#8243; _module_preset=&#8221;default&#8221; custom_button=&#8221;on&#8221; button_text_size=&#8221;22px&#8221; button_text_color=&#8221;#FFFFFF&#8221; button_bg_color=&#8221;gcid-c8772306-aa8c-4e2d-a700-cea6c7956a8f&#8221; button_border_radius=&#8221;15px&#8221; button_icon=&#8221;&#x39;||divi||400&#8243; global_colors_info=&#8221;{%22gcid-c8772306-aa8c-4e2d-a700-cea6c7956a8f%22:%91%22button_bg_color%22%93}&#8221;][\/et_pb_button][\/et_pb_column][et_pb_column type=&#8221;1_4&#8243; _builder_version=&#8221;4.22.0&#8243; _module_preset=&#8221;default&#8221; global_colors_info=&#8221;{}&#8221;][et_pb_button button_url=&#8221;http:\/\/shc.saunaselskab.dk\/wp-content\/uploads\/2023\/10\/EVALUATION-CATALOGUE-SAUNA-HERBAL-CUP-2023-FINAL-VERSION.pdf&#8221; url_new_window=&#8221;on&#8221; button_text=&#8221;Pointskema&#8221; button_alignment=&#8221;center&#8221; disabled_on=&#8221;off|off|off&#8221; _builder_version=&#8221;4.22.2&#8243; _module_preset=&#8221;default&#8221; custom_button=&#8221;on&#8221; button_text_size=&#8221;22px&#8221; button_text_color=&#8221;#FFFFFF&#8221; button_bg_color=&#8221;gcid-c8772306-aa8c-4e2d-a700-cea6c7956a8f&#8221; button_border_radius=&#8221;15px&#8221; button_icon=&#8221;&#x39;||divi||400&#8243; locked=&#8221;off&#8221; global_colors_info=&#8221;{%22gcid-c8772306-aa8c-4e2d-a700-cea6c7956a8f%22:%91%22button_bg_color%22%93}&#8221;][\/et_pb_button][\/et_pb_column][et_pb_column type=&#8221;1_4&#8243; _builder_version=&#8221;4.22.0&#8243; _module_preset=&#8221;default&#8221; global_colors_info=&#8221;{}&#8221;][\/et_pb_column][\/et_pb_row][\/et_pb_section][et_pb_section fb_built=&#8221;1&#8243; _builder_version=&#8221;4.22.0&#8243; _module_preset=&#8221;default&#8221; custom_padding=&#8221;5px|||||&#8221; global_colors_info=&#8221;{}&#8221;][et_pb_row _builder_version=&#8221;4.22.0&#8243; _module_preset=&#8221;default&#8221; global_colors_info=&#8221;{}&#8221;][et_pb_column type=&#8221;4_4&#8243; _builder_version=&#8221;4.22.0&#8243; _module_preset=&#8221;default&#8221; global_colors_info=&#8221;{}&#8221;][et_pb_text _builder_version=&#8221;4.22.2&#8243; _module_preset=&#8221;default&#8221; global_colors_info=&#8221;{}&#8221;]<\/p>\n<h2 style=\"text-align: center;\"><strong>G\u00e6sterbilletter<\/strong><\/h2>\n<p>[\/et_pb_text][et_pb_text _builder_version=&#8221;4.25.0&#8243; _module_preset=&#8221;default&#8221; hover_enabled=&#8221;0&#8243; global_colors_info=&#8221;{}&#8221; sticky_enabled=&#8221;0&#8243;]<\/p>\n<p>Vi har forn\u00f8jelsen at invitere dig til en eksklusiv weekend i saunahimlen, hvor du kan nyde gavmildheden af \u00e6teriske olier og urter i dampende atmosf\u00e6re. Slap af, genoplad og m\u00e6rk energien str\u00f8mme igennem dig i det betagende omr\u00e5de ved Vestbad.<\/p>\n<p><strong>Billetter:<\/strong><br \/>Privatmedlemmer: 750,- DKK<br \/>Alle andre: 1000,- DKK<\/p>\n<p>Det Danske Saunaselskab forbeholder sig retten til at kr\u00e6ve dokumentation for medlemskab og opkr\u00e6ve differencen i pris, hvis betingelserne for medlemskabsrabatten ikke er opfyldt. Billetter annulleres og refunderes ikke uagtet \u00e5rsag. Medlemsbilletter kan kun overdrages til andre medlemmer. Ikke-medlemmer er velkomne til at melde sig ind her: www.saunaselskab.dk\/indmeldelse<\/p>\n<p><strong>Inkluderet i billetten:<\/strong><br \/>1 scrub pr. dag<br \/>3 saunagus pr. dag<strong><\/strong><\/p>\n<p><strong>Pr\u00e6mieoverr\u00e6kkelse:<\/strong><br \/>Kom og v\u00e6r vidne til det sp\u00e6ndende \u00f8jeblik, n\u00e5r vinderne af Sauna Herbal Cup bliver kronet!<br \/>S\u00f8ndag kl. 17:00 &#8211; 19:00<\/p>\n<p><strong>Vigtig information:<\/strong><br \/>Det Danske Saunaselskab vil foretage filmning og fotografering under eventet som en del af vores markedsf\u00f8ringsindsats. Ved k\u00f8b af billet accepterer du dette. Deltagelse i arrangementet er p\u00e5 eget ansvar.<\/p>\n<p>Grib denne unikke mulighed for at opleve saunaens afslappende og forfriskende magi, deltage i sp\u00e6ndende aktiviteter og m\u00f8de ligesindede saunafans. Skab varige minder og udforsk en verden af velv\u00e6re, varme og afslapning!<\/p>\n<p>Vi ser frem til at byde dig velkommen til en uovertruffen saunaoplevelse!<\/p>\n<p>K\u00f8b din billet nu og v\u00e6r en del af Sauna Herbal Cup 2024!<\/p>\n<p>[\/et_pb_text][et_pb_button button_url=&#8221;https:\/\/medlem.saunaselskab.dk\/c24\/sauna-herbal-cup-dk-2024&#8243; url_new_window=&#8221;on&#8221; button_text=&#8221;K\u00f8b g\u00e6stebilleter&#8221; button_alignment=&#8221;center&#8221; disabled_on=&#8221;off|off|off&#8221; _builder_version=&#8221;4.25.0&#8243; _module_preset=&#8221;default&#8221; custom_button=&#8221;on&#8221; button_text_size=&#8221;22px&#8221; button_text_color=&#8221;#FFFFFF&#8221; button_bg_color=&#8221;gcid-c8772306-aa8c-4e2d-a700-cea6c7956a8f&#8221; button_border_radius=&#8221;15px&#8221; button_icon=&#8221;&#x39;||divi||400&#8243; hover_enabled=&#8221;0&#8243; locked=&#8221;off&#8221; global_colors_info=&#8221;{%22gcid-c8772306-aa8c-4e2d-a700-cea6c7956a8f%22:%91%22button_bg_color%22%93}&#8221; sticky_enabled=&#8221;0&#8243;][\/et_pb_button][\/et_pb_column][\/et_pb_row][et_pb_row _builder_version=&#8221;4.22.2&#8243; _module_preset=&#8221;default&#8221; global_colors_info=&#8221;{}&#8221;][et_pb_column type=&#8221;4_4&#8243; _builder_version=&#8221;4.22.2&#8243; _module_preset=&#8221;default&#8221; global_colors_info=&#8221;{}&#8221;][et_pb_image src=&#8221;http:\/\/shc.saunaselskab.dk\/wp-content\/uploads\/2024\/08\/saunaogsonnerlogo.png&#8221; title_text=&#8221;saunaogsonnerlogo&#8221; align=&#8221;center&#8221; _builder_version=&#8221;4.25.0&#8243; _module_preset=&#8221;default&#8221; hover_enabled=&#8221;0&#8243; global_colors_info=&#8221;{}&#8221; background_color=&#8221;#000000&#8243; sticky_enabled=&#8221;0&#8243;][\/et_pb_image][et_pb_text _builder_version=&#8221;4.25.0&#8243; _module_preset=&#8221;default&#8221; hover_enabled=&#8221;0&#8243; global_colors_info=&#8221;{}&#8221; sticky_enabled=&#8221;0&#8243;]<\/p>\n<h2 style=\"text-align: center;\"><strong>En af Danmarks fedeste mobilsauna &#8211; Sauna &amp; S\u00f8nner<\/strong><\/h2>\n<div class=\"elementor-element elementor-element-fd47a6b elementor-widget elementor-widget-heading\" data-id=\"fd47a6b\" data-element_type=\"widget\" data-widget_type=\"heading.default\">\n<div class=\"elementor-widget-container\">\n<h2 class=\"elementor-heading-title elementor-size-default\">Om Sauna &amp; S\u00f8nner<\/h2>\n<\/div>\n<\/div>\n<div class=\"elementor-element elementor-element-1d385a5 elementor-widget elementor-widget-text-editor\" data-id=\"1d385a5\" data-element_type=\"widget\" data-widget_type=\"text-editor.default\">\n<div class=\"elementor-widget-container\">\n<h5>Sauna &amp; S\u00f8nner\u2019s store passion og mission er at skabe gus- og saunaevents i det nordjyske.\u00a0<\/h5>\n<h5>Vi har en sk\u00f8n og rummelig mobilsauna, der kan lejes til saunaevents med eller uden professionel gusmester.<\/h5>\n<h5>Vores m\u00e5l og vision er at skabe et rum, hvor vores g\u00e6ster kan f\u00e5 afslapning, fordybelse, f\u00e6llesskab og velv\u00e6re ved vores events.\u00a0<\/h5>\n<p>Jens Bach \u2013 Gusmester og Ejer<\/p>\n<\/div>\n<\/div>\n<p>[\/et_pb_text][et_pb_image src=&#8221;http:\/\/shc.saunaselskab.dk\/wp-content\/uploads\/2024\/08\/sogsvogn.jpg&#8221; title_text=&#8221;sogsvogn&#8221; align=&#8221;center&#8221; _builder_version=&#8221;4.25.0&#8243; _module_preset=&#8221;default&#8221; hover_enabled=&#8221;0&#8243; global_colors_info=&#8221;{}&#8221; sticky_enabled=&#8221;0&#8243;][\/et_pb_image][\/et_pb_column][\/et_pb_row][et_pb_row _builder_version=&#8221;4.22.0&#8243; _module_preset=&#8221;default&#8221; global_colors_info=&#8221;{}&#8221;][et_pb_column type=&#8221;4_4&#8243; _builder_version=&#8221;4.22.0&#8243; _module_preset=&#8221;default&#8221; global_colors_info=&#8221;{}&#8221;][et_pb_contact_form email=&#8221;info@saunaselskab.dk&#8221; title=&#8221; Sp\u00f8rgsm\u00e5l til og omkring konkurrencen kan stilles p\u00e5 mail til Det Danske Saunaselskab&#8221; success_message=&#8221;Tak for din hevenvendelse, vi vil snarest vende retur.&#8221; submit_button_text=&#8221;Send&#8221; _builder_version=&#8221;4.25.0&#8243; _module_preset=&#8221;default&#8221; _unique_id=&#8221;b2fc8f9b-83e6-4eef-be79-a46154437adb&#8221; custom_button=&#8221;on&#8221; button_text_color=&#8221;#FFFFFF&#8221; button_bg_color=&#8221;gcid-c8772306-aa8c-4e2d-a700-cea6c7956a8f&#8221; button_border_radius=&#8221;15px&#8221; button_icon=&#8221;&#x39;||divi||400&#8243; hover_enabled=&#8221;0&#8243; global_colors_info=&#8221;{%22gcid-c8772306-aa8c-4e2d-a700-cea6c7956a8f%22:%91%22button_bg_color%22%93}&#8221; sticky_enabled=&#8221;0&#8243;][et_pb_contact_field field_id=&#8221;Name&#8221; field_title=&#8221;Name&#8221; _builder_version=&#8221;4.16&#8243; global_colors_info=&#8221;{}&#8221; button_text_size__hover_enabled=&#8221;off&#8221; button_one_text_size__hover_enabled=&#8221;off&#8221; button_two_text_size__hover_enabled=&#8221;off&#8221; button_text_color__hover_enabled=&#8221;off&#8221; button_one_text_color__hover_enabled=&#8221;off&#8221; button_two_text_color__hover_enabled=&#8221;off&#8221; button_border_width__hover_enabled=&#8221;off&#8221; button_one_border_width__hover_enabled=&#8221;off&#8221; button_two_border_width__hover_enabled=&#8221;off&#8221; button_border_color__hover_enabled=&#8221;off&#8221; button_one_border_color__hover_enabled=&#8221;off&#8221; button_two_border_color__hover_enabled=&#8221;off&#8221; button_border_radius__hover_enabled=&#8221;off&#8221; button_one_border_radius__hover_enabled=&#8221;off&#8221; button_two_border_radius__hover_enabled=&#8221;off&#8221; button_letter_spacing__hover_enabled=&#8221;off&#8221; button_one_letter_spacing__hover_enabled=&#8221;off&#8221; button_two_letter_spacing__hover_enabled=&#8221;off&#8221; button_bg_color__hover_enabled=&#8221;off&#8221; button_one_bg_color__hover_enabled=&#8221;off&#8221; button_two_bg_color__hover_enabled=&#8221;off&#8221;][\/et_pb_contact_field][et_pb_contact_field field_id=&#8221;Email&#8221; field_title=&#8221;Email Address&#8221; field_type=&#8221;email&#8221; _builder_version=&#8221;4.16&#8243; global_colors_info=&#8221;{}&#8221; button_text_size__hover_enabled=&#8221;off&#8221; button_one_text_size__hover_enabled=&#8221;off&#8221; button_two_text_size__hover_enabled=&#8221;off&#8221; button_text_color__hover_enabled=&#8221;off&#8221; button_one_text_color__hover_enabled=&#8221;off&#8221; button_two_text_color__hover_enabled=&#8221;off&#8221; button_border_width__hover_enabled=&#8221;off&#8221; button_one_border_width__hover_enabled=&#8221;off&#8221; button_two_border_width__hover_enabled=&#8221;off&#8221; button_border_color__hover_enabled=&#8221;off&#8221; button_one_border_color__hover_enabled=&#8221;off&#8221; button_two_border_color__hover_enabled=&#8221;off&#8221; button_border_radius__hover_enabled=&#8221;off&#8221; button_one_border_radius__hover_enabled=&#8221;off&#8221; button_two_border_radius__hover_enabled=&#8221;off&#8221; button_letter_spacing__hover_enabled=&#8221;off&#8221; button_one_letter_spacing__hover_enabled=&#8221;off&#8221; button_two_letter_spacing__hover_enabled=&#8221;off&#8221; button_bg_color__hover_enabled=&#8221;off&#8221; button_one_bg_color__hover_enabled=&#8221;off&#8221; button_two_bg_color__hover_enabled=&#8221;off&#8221;][\/et_pb_contact_field][et_pb_contact_field field_id=&#8221;Message&#8221; field_title=&#8221;Message&#8221; field_type=&#8221;text&#8221; fullwidth_field=&#8221;on&#8221; _builder_version=&#8221;4.16&#8243; global_colors_info=&#8221;{}&#8221; button_text_size__hover_enabled=&#8221;off&#8221; button_one_text_size__hover_enabled=&#8221;off&#8221; button_two_text_size__hover_enabled=&#8221;off&#8221; button_text_color__hover_enabled=&#8221;off&#8221; button_one_text_color__hover_enabled=&#8221;off&#8221; button_two_text_color__hover_enabled=&#8221;off&#8221; button_border_width__hover_enabled=&#8221;off&#8221; button_one_border_width__hover_enabled=&#8221;off&#8221; button_two_border_width__hover_enabled=&#8221;off&#8221; button_border_color__hover_enabled=&#8221;off&#8221; button_one_border_color__hover_enabled=&#8221;off&#8221; button_two_border_color__hover_enabled=&#8221;off&#8221; button_border_radius__hover_enabled=&#8221;off&#8221; button_one_border_radius__hover_enabled=&#8221;off&#8221; button_two_border_radius__hover_enabled=&#8221;off&#8221; button_letter_spacing__hover_enabled=&#8221;off&#8221; button_one_letter_spacing__hover_enabled=&#8221;off&#8221; button_two_letter_spacing__hover_enabled=&#8221;off&#8221; button_bg_color__hover_enabled=&#8221;off&#8221; button_one_bg_color__hover_enabled=&#8221;off&#8221; button_two_bg_color__hover_enabled=&#8221;off&#8221;][\/et_pb_contact_field][\/et_pb_contact_form][\/et_pb_column][\/et_pb_row][\/et_pb_section]<\/p>\n","protected":false},"excerpt":{"rendered":"<p>VELKOMMEN! Sauna Herbal Cup har sine r\u00f8dder i Tjekkiet, hvor den blev afholdt f\u00f8rste gang i 2013. Siden 2018 har konkurrencen udviklet sig med nationale udtagelseskonkurrencer, der leder frem til den eftertragtede finale. Konceptet er at skabe en dybere forbindelse til naturen, samtidig med at vi i harmoni og med respekt udfordrer traditionelle og moderne [&hellip;]<\/p>\n","protected":false},"author":1,"featured_media":19,"parent":0,"menu_order":0,"comment_status":"closed","ping_status":"closed","template":"","meta":{"_et_pb_use_builder":"on","_et_pb_old_content":"","_et_gb_content_width":"","inline_featured_image":false,"_monsterinsights_skip_tracking":false,"_monsterinsights_sitenote_active":false,"_monsterinsights_sitenote_note":"","_monsterinsights_sitenote_category":0,"footnotes":""},"class_list":["post-23","page","type-page","status-publish","has-post-thumbnail","hentry"],"_links":{"self":[{"href":"https:\/\/shc.saunaselskab.dk\/index.php\/wp-json\/wp\/v2\/pages\/23","targetHints":{"allow":["GET"]}}],"collection":[{"href":"https:\/\/shc.saunaselskab.dk\/index.php\/wp-json\/wp\/v2\/pages"}],"about":[{"href":"https:\/\/shc.saunaselskab.dk\/index.php\/wp-json\/wp\/v2\/types\/page"}],"author":[{"embeddable":true,"href":"https:\/\/shc.saunaselskab.dk\/index.php\/wp-json\/wp\/v2\/users\/1"}],"replies":[{"embeddable":true,"href":"https:\/\/shc.saunaselskab.dk\/index.php\/wp-json\/wp\/v2\/comments?post=23"}],"version-history":[{"count":6,"href":"https:\/\/shc.saunaselskab.dk\/index.php\/wp-json\/wp\/v2\/pages\/23\/revisions"}],"predecessor-version":[{"id":84,"href":"https:\/\/shc.saunaselskab.dk\/index.php\/wp-json\/wp\/v2\/pages\/23\/revisions\/84"}],"wp:featuredmedia":[{"embeddable":true,"href":"https:\/\/shc.saunaselskab.dk\/index.php\/wp-json\/wp\/v2\/media\/19"}],"wp:attachment":[{"href":"https:\/\/shc.saunaselskab.dk\/index.php\/wp-json\/wp\/v2\/media?parent=23"}],"curies":[{"name":"wp","href":"https:\/\/api.w.org\/{rel}","templated":true}]}}